{"id":71,"date":"2015-09-24T15:19:37","date_gmt":"2015-09-24T20:19:37","guid":{"rendered":"http:\/\/aitel.telecom.pucp.edu.pe\/?page_id=71"},"modified":"2018-07-30T15:56:38","modified_gmt":"2018-07-30T20:56:38","slug":"cursos","status":"publish","type":"page","link":"https:\/\/blog.telecom.pucp.edu.pe\/index.php\/cursos\/","title":{"rendered":"Carrera"},"content":{"rendered":"<p style=\"text-align: justify;\">La Secci\u00f3n de Ingenier\u00eda de las Telecomunicaciones le brinda la opci\u00f3n de formular cursos en funci\u00f3n de lo que su empresa desee, teniendo como base los requerimientos espec\u00edficos de contenido t\u00e9cnico y tiempo. Entre los diversos cursos elaborados y dictados para clientes y empresas (sector privado y p\u00fablico), contamos con los siguientes:<\/p>\n<p>[expand tag=&#8221;h4 strong&#8221; trigclass=&#8221;bold-n-no-margin&#8221; targclass=&#8221;bottom-margin-20&#8243; title=&#8221;C\u00e1lculo de propagaci\u00f3n de TV Digital&#8221;]<\/p>\n<div style=\"text-align: justify;\">El Ministerio de Transportes y Comunicaciones ha establecido un cronograma para el inicio de las transmisiones digitales y fin de las transmisiones anal\u00f3gicas en todo el Per\u00fa. Un tema cr\u00edtico para seguir avanzando con la instalaci\u00f3n de transmisores y repetidores a nivel nacional es la cobertura de los mismos. La cobertura de los sistemas digitales puede verse afectada por alg\u00fan accidente geogr\u00e1fico o construcci\u00f3n urbana. Para esas zonas de sombra existen los Gap-fillers que son unos repetidores de muy baja potencia, pero para establecer el funcionamiento de los mismos es necesario obtener las coberturas de los transmisores principales. En este curso se explicar\u00e1n los conceptos necesarios para predecir la cobertura de los sistemas de televisi\u00f3n digitales desde un punto de vista pr\u00e1ctico y aplicativo.<\/div>\n<p>[\/expand]<\/p>\n<p>[expand tag=&#8221;h4 strong&#8221; trigclass=&#8221;bold-n-no-margin&#8221; targclass=&#8221;bottom-margin-20&#8243; title=&#8221;Dise\u00f1o de enlaces satelitales&#8221;]<\/p>\n<div style=\"text-align: justify;\">Este curso combina la descripci\u00f3n de los fundamentos te\u00f3ricos y normativos de los componentes de un sistema satelital con el dise\u00f1o de un sistema para atender a m\u00e1s de 2000 locaciones con servicios de voz y datos. Incluye la entrega de la \u00faltima versi\u00f3n del Reglamento oficial de Radiocomunicaciones del ITU-R 2008, el cual norma las comunicaciones satelitales a nivel de pa\u00edses.<\/div>\n<p>[\/expand]<\/p>\n<p>[expand tag=&#8221;h4 strong&#8221; trigclass=&#8221;bold-n-no-margin&#8221; targclass=&#8221;bottom-margin-20&#8243; title=&#8221;Dimensionamiento de redes LTE&#8221;]<\/p>\n<div style=\"text-align: justify;\">En la actualidad se viene impulsando a nivel mundial el desarrollo de tecnolog\u00edas de cuarta generaci\u00f3n tales como LTE (Long Term Evolution), dada la creciente demanda de aplicaciones de banda ancha por parte de la poblaci\u00f3n global.\u00a0 Un amplio conocimiento sobre las redes LTE es fundamental tanto para t\u00e9cnicos como ingenieros ligados al sector de Telecomunicaciones, dado que ello permitir\u00e1 que estos est\u00e9n capacitados para analizar escenarios y proponer soluciones ligadas a la aplicaci\u00f3n de dicha tecnolog\u00eda que est\u00e9n orientadas a promover el desarrollo de las Telecomunicaciones en el Per\u00fa, de tal forma que se pueda brindar una oferta de servicios \u00f3ptima acorde a la demanda y a los avances tecnol\u00f3gicos.<\/div>\n<p>[\/expand]<\/p>\n<p>[expand tag=&#8221;h4 strong&#8221; trigclass=&#8221;bold-n-no-margin&#8221; targclass=&#8221;bottom-margin-20&#8243; title=&#8221;DWDM&#8221;]<\/p>\n<div style=\"text-align: justify;\">Las redes de telecomunicaciones en general, est\u00e1n formadas por tres grandes componentes: la red de acceso, la red de transporte y el core network. En cada uno de estos elementos se desarrollan tecnolog\u00edas y procesos econ\u00f3micos propios a cada uno de ellos. Dependiendo de cada tipo de red, estos tres componentes principales pueden cambiar dr\u00e1sticamente. En el caso de las redes de acceso y de transporte, podemos tener acceso cableado (cable de cobre y fibras \u00f3pticas) o redes inal\u00e1mbricas.<br \/>\nActualmente, las redes de fibras \u00f3pticas pueden estar presentes en la redes de acceso, como el caso de redes \u00f3pticas pasivas PON, y en las redes de transporte en el backbone de las grandes redes metropolitanas y nacionales. El gran competidor de las fibras \u00f3pticas\u00a0 es el canal inal\u00e1mbrico; este \u00faltimo tiene la ventaja de ser el \u00fanico medio que puede ofrecer movilidad, pero de baja capacidad si la comparamos con la fibra \u00f3ptica. Por otro lado ambas tecnolog\u00edas son complementarias, como en el caso de las redes m\u00f3viles 3G UMTS y LTE, o de cuarta generaci\u00f3n LTE-Advanced; el gran volumen de tr\u00e1fico que se agrega desde diferentes estaciones bases s\u00f3lo puede ser llevado al core network a trav\u00e9s de redes de fibras \u00f3pticas.<br \/>\nEste curso est\u00e1 dedicado al estudio de las redes DWDM y tiene como objetivo analizar las tecnolog\u00edas y elementos de redes que est\u00e1n relacionados con DWDM, su estado actual de desarrollo y las perspectivas futuras de estos sistemas de telecomunicaciones; importante es destacar el tema de los est\u00e1ndares de la ITU y los sistemas de protecci\u00f3n.<\/div>\n<p>[\/expand]<\/p>\n<p>[expand tag=&#8221;h4 strong&#8221; trigclass=&#8221;bold-n-no-margin&#8221; targclass=&#8221;bottom-margin-20&#8243; title=&#8221;Ingenier\u00eda de comunicaciones inal\u00e1mbricas&#8221;]<\/p>\n<div style=\"text-align: justify;\">El curso de Ingenier\u00eda de Comunicaciones inal\u00e1mbricas consta de 3 m\u00f3dulos en los cuales se abordar\u00e1n conceptos te\u00f3ricos de la ingenier\u00eda inal\u00e1mbrica, empezando por la modulaci\u00f3n hasta normatividad y regulaciones. Posteriormente se abarcaran temas de redes TCP\/IP aplicadas a la ingenier\u00eda inal\u00e1mbrica, conceptos de tr\u00e1fico y capacidad en las diferentes t\u00e9cnicas de acceso m\u00faltiple. Adem\u00e1s se analizar\u00e1 la tecnolog\u00eda inal\u00e1mbrica WLAN (IEE 802.11) as\u00ed como tambi\u00e9n seguridad en las redes inal\u00e1mbricas. Finalmente se presentar\u00e1n los fundamentos de los sistemas de telefon\u00eda m\u00f3vil, se revisar\u00e1 la evoluci\u00f3n de los sistemas de telefon\u00eda celular desde la primera a la cuarta generaci\u00f3n. Se estudiar\u00e1 el sistema GSM\/GPRS\/EDGE a nivel de red, sus componentes, la interfaz de aire, los procesos de gesti\u00f3n de recursos de radio, movilidad y de conexi\u00f3n. Se har\u00e1 una introducci\u00f3n a los sistemas m\u00f3viles de tercera generaci\u00f3n como UMTS, HSPA y HSPA+, de cuarta generaci\u00f3n como LTE.<\/div>\n<p>[\/expand]<\/p>\n<p>[expand tag=&#8221;h4 strong&#8221; trigclass=&#8221;bold-n-no-margin&#8221; targclass=&#8221;bottom-margin-20&#8243; title=&#8221;Ingenier\u00eda, Regulaci\u00f3n y Gesti\u00f3n de las Telecomunicaciones&#8221;]<\/p>\n<div style=\"text-align: justify;\">Las telecomunicaciones es una de las industrias donde las tecnolog\u00edas se renuevan muy r\u00e1pidamente. Las empresas fabricantes de tecnolog\u00edas tienen que satisfacer los requerimientos de los operadores quienes a su vez responden la demanda de los usuarios para brindarles m\u00e1s servicios y de mayores prestaciones. En este contexto las empresas que brindan los servicios deben plantear sus estrategias de modo de adecuarse a los contextos cambiantes. La regulaci\u00f3n constituye un marco de referencia importante para las decisiones estrat\u00e9gicas de las empresas, pudiendo influenciar fuertemente en las decisiones de inversi\u00f3n y en el comportamiento de las empresas con respecto a su entorno competitivo. Por ello, la regulaci\u00f3n debe ser clara y eficiente para todos los involucrados y debe generar predictibilidad e incentivar las inversiones, as\u00ed como incentivar la competencia que se ver\u00e1 reflejada en mejor en el bienestar de los ciudadanos que gozara de mejores servicios y a precios m\u00e1s asequibles. Se ha demostrado que el acceso a los servicios de telecomunicaciones constituye un motor para el desarrollo y competitividad del pa\u00eds. La regulaci\u00f3n de las telecomunicaciones debe ser capaz de adaptarse a los cambios tecnol\u00f3gicos y de paradigmas del sector para cubrir las necesidades de los diferentes actores involucrados: Estado, operadores, usuarios.<br \/>\nEste curso brinda los conceptos necesarios para entender los nuevos retos regulatorios que se presentan en un sector tan importante para el desarrollo de la econom\u00eda del pa\u00eds con \u00e9nfasis en las acciones relevantes que vienen llevando a cabo las autoridades del sector con miras al desarrollo de la convergencia y la banda ancha.<\/div>\n<p>[\/expand]<\/p>\n<p>[expand tag=&#8221;h4 strong&#8221; trigclass=&#8221;bold-n-no-margin&#8221; targclass=&#8221;bottom-margin-20&#8243; title=&#8221;Introducci\u00f3n al dise\u00f1o de redes satelitales&#8221;]<\/p>\n<div style=\"text-align: justify;\">El presente curso est\u00e1 dividido en dos partes. En la primera parte se abordan los fundamentos b\u00e1sicos relacionados a las comunicaciones satelitales, haciendo \u00e9nfasis en la ingenier\u00eda del sat\u00e9lite y de las estaciones terrenas. En la segunda parte, se desarrolla el dise\u00f1o de los enlaces satelitales dedicados SCPC y de las redes VSAT.<\/div>\n<p>[\/expand]<\/p>\n<p>[expand tag=&#8221;h4 strong&#8221; trigclass=&#8221;bold-n-no-margin&#8221; targclass=&#8221;bottom-margin-20&#8243; title=&#8221;LTE Advanced 4G&#8221;]<\/p>\n<div style=\"text-align: justify;\">Dirigido a personal t\u00e9cnico y de ingenier\u00eda en telecomunicaciones, electr\u00f3nica, telem\u00e1tica y otras \u00e1reas relacionadas que requieran comprender las tecnolog\u00edas LTE 4G.<\/div>\n<p>[\/expand]<\/p>\n<p>[expand tag=&#8221;h4 strong&#8221; trigclass=&#8221;bold-n-no-margin&#8221; targclass=&#8221;bottom-margin-20&#8243; title=&#8221;LTE Backhaul&#8221;]<\/p>\n<div style=\"text-align: justify;\">La ITU ha sido el promotor de conceptos macros como las tecnolog\u00edas IMT-2000 o 3G y m\u00e1s recientemente IMT-Advanced conocido tambi\u00e9n como 4G. El WiMAX Forum, basado en el est\u00e1ndar IEEE 802.16, ha propuesto a WiMAX como red de tercera y cuarta generaci\u00f3n. El 3GPP tambi\u00e9n ha sometido a consideraci\u00f3n de la UIT su propuesta de 4G denominada LTEAdvanced. El desarrollo del mercado actual se est\u00e1 posicionando a LTE-Advanced como tecnolog\u00eda l\u00edder para 4G. En LTE, de acuerdo a los requerimientos de la ITU, las tasas de transmisi\u00f3n pico pueden estar entre 100 Mbps y 1Gpbs, para m\u00f3viles y fijos, respectivamente. Estas altas tasas de bits imponen un gran reto a la red de transporte o backhaul, quien es la encargada de llevar el tr\u00e1fico de los usuarios al core de la red para su posterior entrega a los usuarios del otro extremo, sea en la misma red o en otras redes LTE o de cualquier otra tecnolog\u00eda. Si bien es cierto que la red de acceso es muy importante, tambi\u00e9n es cierto que el backhaul tambi\u00e9n lo es. De hecho, el desarrollo de la red de acceso de radio debe ir en comp\u00e1s con el desarrollo del backhaul, de lo contrario se formar\u00e1n los famosos cuellos de botella que al final repercuten de manera negativa en la QoS y la QoE. La industria de las telecomunicaciones ha presentado hasta el momento dos soluciones, en algunos casos complementarios y en otros competitivos, para resolver el problema del backhaul. Ambas tienen en com\u00fan el hecho de ser tecnolog\u00edas basadas en paquetes usando IP en capa 3. Estas soluciones son Carrier Ethernet, del Metro Ethernet Forum, y la otra basada en MPL proveniente del Broadband Forum. La primera se soporta en el uso de VLAN y la otra en las VPN sean capa 2 o capa 3. Este curso est\u00e1 dedicado a realizar un an\u00e1lisis general de las soluciones propuestas para el backhaul de LTE, sea 3G o 4G, considerando los aspectos m\u00e1s importantes que debe contemplar cualquier soluci\u00f3n.<\/div>\n<p>[\/expand]<\/p>\n<p>[expand tag=&#8221;h4 strong&#8221; trigclass=&#8221;bold-n-no-margin&#8221; targclass=&#8221;bottom-margin-20&#8243; title=&#8221;LTE-IMS-SON&#8221;]<\/p>\n<div style=\"text-align: justify;\">La demanda creciente de nuevos y mejores servicios ha llevado a los organismos desarrolladores de est\u00e1ndares a proponer redes cada vez m\u00e1s sofisticadas y vers\u00e1tiles haciendo uso de los \u00faltimos adelantos en procesamiento digital de se\u00f1ales e integraci\u00f3n de circuitos. Organismos como la UIT, el 3GPP, el IEEE, forman grupos de trabajos integrados por representantes de diversos organismos como los entes reguladores, los fabricantes de equipos, los desarrolladores de software y por supuesto las empresas operadoras de las redes de telecomunicaciones. Del seno de la ITU han surgido conceptos macros como las tecnolog\u00edas IMT-2000 o 3G y m\u00e1s recientemente IMT-Advanced conocido tambi\u00e9n como 4G. El WiMAX Forum, basado en el est\u00e1ndar IEEE 802.16, ha propuesto a WiMAX como red de tercera y cuarta generaci\u00f3n. Por su parte el 3GPP, ha propuesto la red UMTS en sus diferentes versiones (HSDPA, HSUPA, HSPA+) como soluciones de 3G. LTE representa la \u00faltima propuesta del 3GPP para tecnolog\u00edas 3G y m\u00e1s que una evoluci\u00f3n, es un cambio dr\u00e1stico en la filosof\u00eda del 3GPP, ya que con LTE se presenta como una arquitectura totalmente IP basada en conmutaci\u00f3n de paquetes, donde por vez primera el 3GPP abandona las redes basadas en conmutaci\u00f3n de circuitos.\u00a0 El 3GPP tambi\u00e9n ha sometido a consideraci\u00f3n de la UIT su propuesta de 4G denominada LTE-Advanced. Este curso est\u00e1 dedicado al estudio de tres tecnolog\u00eda LTE 4G, IMS y SON abarcando diferentes aspectos que van desde la interfaz de aire hasta aquellos relacionados con los servicios.<\/div>\n<p>[\/expand]<\/p>\n<p>[expand tag=&#8221;h4 strong&#8221; trigclass=&#8221;bold-n-no-margin&#8221; targclass=&#8221;bottom-margin-20&#8243; title=&#8221;Normas T\u00e9cnicas ISDBT&#8221;]<\/p>\n<div style=\"text-align: justify;\">En el 2010 se produjo un hito en la televisi\u00f3n peruana al iniciar las transmisiones de la televisi\u00f3n digital terrestre. Despu\u00e9s de dos a\u00f1os de estudio el Gobierno Peruano decidi\u00f3 adoptar el est\u00e1ndar japon\u00e9s con las modificaciones brasile\u00f1as. Este est\u00e1ndar trae m\u00faltiples ventajas como la portabilidad y movilidad; y, gracias a su modulaci\u00f3n OFDM,\u00a0 la posibilidad de usar redes de frecuencia \u00fanica\u00a0 (SFN \u2013 Single Frequency Networks) en la transmisi\u00f3n de las se\u00f1ales para una misma zona de cobertura.<br \/>\nEn este curso se brindar\u00e1n los conceptos de la formaci\u00f3n de la se\u00f1al digital de televisi\u00f3n compar\u00e1ndola con la se\u00f1al anal\u00f3gica. Asimismo, se ense\u00f1ar\u00e1n las caracter\u00edsticas principales del est\u00e1ndar ISDB-T y el funcionamiento del sistema, de los transmisores y receptores, desde el punto de vista de la formaci\u00f3n de la se\u00f1al digital.<\/div>\n<p>[\/expand]<\/p>\n<p>[expand tag=&#8221;h4 strong&#8221; trigclass=&#8221;bold-n-no-margin&#8221; targclass=&#8221;bottom-margin-20&#8243; title=&#8221;Programaci\u00f3n en C&#8221;]<br \/>\n<a href=\"https:\/\/blog.telecom.pucp.edu.pe\/wp-content\/uploads\/2018\/07\/C.png\"><img loading=\"lazy\" decoding=\"async\" src=\"https:\/\/blog.telecom.pucp.edu.pe\/wp-content\/uploads\/2018\/07\/C.png\" alt=\"\" width=\"186\" height=\"183\" class=\"alignleft size-full wp-image-954\" \/><\/a><\/p>\n<div style=\"text-align: justify;\">El presente curso busca dar s\u00f3lidos conocimientos de programaci\u00f3n utilizando lenguaje C, este lenguaje es ampliamente utilizado tanto para la programaci\u00f3n de aplicaciones como de sistemas. El lenguaje est\u00e1\u00a0disponible en pr\u00e1cticamente cualquier sistema operativo y es de especial inter\u00e9s para aplicaciones que requieran alta performance o que se ejecuten en sistemas con pocos recursos.<\/div>\n<p>[\/expand]<\/p>\n<p>[expand tag=&#8221;h4 strong&#8221; trigclass=&#8221;bold-n-no-margin&#8221; targclass=&#8221;bottom-margin-20&#8243; title=&#8221;Radiaciones no ionizantes&#8221;]<\/p>\n<div style=\"text-align: justify;\">Las radiaciones son energ\u00eda en movimiento que est\u00e1 presente en nuestro entorno de forma natural o artificial. Una de las clasificaciones de las radiaciones es si son o no ionizantes. Las radiaciones no ionizantes (RNI) son las que emanan los equipos de comunicaciones y en teor\u00eda no tienen la suficiente energ\u00eda para modificar las c\u00e9lulas vivas. Sin embargo el desconocimiento de la poblaci\u00f3n conlleva a levantamientos y quejas a los operadores celulares u otros por las instalaciones de sus antenas. Este curso, est\u00e1 enfocado en la ense\u00f1anza de los principios t\u00e9cnicos de las radiaciones no ionizantes y tambi\u00e9n se mostrar\u00e1 las regulaciones a nivel mundial y en el Per\u00fa.<\/div>\n<p>[\/expand]<\/p>\n<p>[expand tag=&#8221;h4 strong&#8221; trigclass=&#8221;bold-n-no-margin&#8221; targclass=&#8221;bottom-margin-20&#8243; title=&#8221;Redes y Tecnolog\u00edas de Telecomunicaciones&#8221;]<\/p>\n<div style=\"text-align: justify;\">El curso es te\u00f3rico-pr\u00e1ctico, y est\u00e1 orientado al estudio de las tecnolog\u00edas de Redes LAN y WAN y la descripci\u00f3n de los diversos dispositivos de interconexi\u00f3n de Redes como switches, routers, gateways. As\u00ed mismo, se realiza un estudio completo sobre el funcionamiento de los protocolos de Comunicaci\u00f3n de datos y telecomunicaciones en general, sobre todos los utilizados en Internet. Se incluyen sesiones de laboratorio por cada tema, para afianzar los conocimientos te\u00f3ricos.<\/div>\n<p>[\/expand]<\/p>\n<p>[expand tag=&#8221;h4 strong&#8221; trigclass=&#8221;bold-n-no-margin&#8221; targclass=&#8221;bottom-margin-20&#8243; title=&#8221;Regulaci\u00f3n de los Servicios de Telecomunicaciones&#8221;]<\/p>\n<div style=\"text-align: justify;\">Las telecomunicaciones es una de las industrias donde las tecnolog\u00edas se renuevan muy r\u00e1pidamente. Las empresas fabricantes de tecnolog\u00edas tienen que satisfacer los requerimientos de los operadores quienes a su vez responden la demanda de los usuarios para brindarles m\u00e1s servicios y de mayores prestaciones. En este contexto las empresas que brindan los servicios deben actuar de manera competente y transparente para lo cual la regulaci\u00f3n debe ser clara y eficiente para todos los involucrados. La regulaci\u00f3n de las telecomunicaciones debe ser capaz de adaptarse a los cambios tecnol\u00f3gicos y de paradigmas del sector para cubrir las necesidades de los diferentes actores involucrados: Estado, operadores, usuarios. Este curso brinda los conceptos necesarios para entender los nuevos retos regulatorios que se presentan en un sector tan importante para el desarrollo de la econom\u00eda del pa\u00eds con \u00e9nfasis en las acciones relevantes que vienen llevando a cabo las autoridades del sector con miras al desarrollo de la convergencia y la banda ancha.<\/div>\n<p>[\/expand]<\/p>\n<p>[expand tag=&#8221;h4 strong&#8221; trigclass=&#8221;bold-n-no-margin&#8221; targclass=&#8221;bottom-margin-20&#8243; title=&#8221;SON (Self Organizing Network)&#8221;]<\/p>\n<div style=\"text-align: justify;\">En este curso se tratan los conceptos y procesos fundamentales de SON y se analizan los est\u00e1ndares desarrollados por el 3GPP hasta el momento. En particular se analizan algunos casos de estudio y se describen los beneficios tanto para las redes como para los usuarios.<\/div>\n<p>[\/expand]<\/p>\n<p>[expand tag=&#8221;h4 strong&#8221; trigclass=&#8221;bold-n-no-margin&#8221; targclass=&#8221;bottom-margin-20&#8243; title=&#8221;Supervisi\u00f3n, fiscalizaci\u00f3n y sanci\u00f3n de los servicios de telecomunicaciones.&#8221;]<\/p>\n<div style=\"text-align: justify;\">El curso pretende hacer conocer los\u00a0 remedios y las herramientas de enforcement que ante las transgresiones a la normativa \u2013en especial en lo referido a las telecomunicaciones-\u00a0 aplica la administraci\u00f3n, cu\u00e1les son los presupuestos, alcances y criterios de aplicaci\u00f3n, a trav\u00e9s de la aproximaci\u00f3n te\u00f3rico- pr\u00e1ctica que realizar\u00e1 la docente.\u00a0Destaca el desarrollo conceptual del ejercicio de la funci\u00f3n supervisora, que suele concebirse como aquella que solo da impulso al inicio de procedimiento sancionador, sin embargo al finalizar el curso el alumno identificara en dicha funci\u00f3n una serie de atributos que se constituyen en garantes oportunos del cumplimiento del marco legal, pudiendo lograr el efecto de inmediata adecuaci\u00f3n de la conducta del administrado de acuerdo a derecho. Asimismo, se desarrollar\u00e1n los principios y garant\u00edas que prevalecen en el desarrollo del procedimiento sancionador.<\/div>\n<p>[\/expand]<\/p>\n<p>[expand tag=&#8221;h4 strong&#8221; trigclass=&#8221;bold-n-no-margin&#8221; targclass=&#8221;bottom-margin-20&#8243; title=&#8221;Tecnolog\u00eda de Microondas y Satelitales&#8221;]<\/p>\n<div style=\"text-align: justify;\">Este curso presenta los aspectos fundamentales de la tecnolog\u00eda de microondas y satelitales desplegados en los sistemas y redes de telecomunicaciones actuales, Se cubren los aspectos b\u00e1sicos, as\u00ed como las t\u00e9cnicas y tecnolog\u00edas modernas involucradas. En la parte satelital combina la descripci\u00f3n de los fundamentos te\u00f3ricos y normativos de los componentes de un sistema \u00a0con el dise\u00f1o de un sistema para atender a m\u00e1s de 2000 locaciones con servicios de voz y datos. Incluye la entrega de la \u00faltima versi\u00f3n del Reglamento oficial de Radiocomunicaciones del ITU-R 2008, el cual norma las comunicaciones satelitales a nivel de pa\u00edses.<\/div>\n<p>[\/expand]<\/p>\n<p>[expand tag=&#8221;h4 strong&#8221; trigclass=&#8221;bold-n-no-margin&#8221; targclass=&#8221;bottom-margin-20&#8243; title=&#8221;Tecnolog\u00edas de Telecomunicaciones&#8221;]<\/p>\n<div style=\"text-align: justify;\">Con el avance de la tecnolog\u00eda en telecomunicaciones, hoy presente de manera transversal en todos los sectores de la sociedad, cada vez m\u00e1s profesionales necesitan conocer m\u00e1s los conceptos de las Telecomunicaciones para abordar temas multidisciplinarios. El presente curso hace un repaso de una gran cantidad de tecnolog\u00edas presentes en las Telecomunicaciones, desde los conceptos m\u00e1s b\u00e1sicos de las se\u00f1ales, pasando por la infraestructura de soporta los servicios y llegando hasta las tecnolog\u00edas m\u00f3viles de \u00faltima generaci\u00f3n como LTE.<\/div>\n<p>[\/expand]<\/p>\n<p>[expand tag=&#8221;h4 strong&#8221; trigclass=&#8221;bold-n-no-margin&#8221; targclass=&#8221;bottom-margin-20&#8243; title=&#8221;Telefon\u00eda IP&#8221;]<\/p>\n<div style=\"text-align: justify;\">El curso de Telefon\u00eda IP comprende conceptos b\u00e1sicos e intermedios que le permitan al participante tener una idea clara de esta tecnolog\u00eda y su despliegue. El desarrollo del curso se basa principalmente en la experiencia adquirida por el instructor en el operador de telecomunicaciones m\u00e1s grande del pa\u00eds.<\/div>\n<p>[\/expand]<\/p>\n<p>Para mayor informaci\u00f3n puede ponerse en contacto con nosotros. <a href=\"https:\/\/blog.telecom.pucp.edu.pe\/index.php\/contacto\/\">Haga clic aqu\u00ed<\/a>.<\/p>\n","protected":false},"excerpt":{"rendered":"<p>La Secci\u00f3n de Ingenier\u00eda de las Telecomunicaciones le brinda la opci\u00f3n de formular cursos en funci\u00f3n de lo que su empresa desee, teniendo como base los requerimientos espec\u00edficos de contenido t\u00e9cnico y tiempo. Entre los diversos cursos elaborados y dictados para clientes y empresas (sector privado y p\u00fablico), contamos con los siguientes: [expand tag=&#8221;h4 strong&#8221; [&hellip;]<\/p>\n","protected":false},"author":49,"featured_media":0,"parent":0,"menu_order":0,"comment_status":"closed","ping_status":"closed","template":"","meta":{"footnotes":""},"class_list":["post-71","page","type-page","status-publish","hentry"],"aioseo_notices":[],"_links":{"self":[{"href":"https:\/\/blog.telecom.pucp.edu.pe\/index.php\/wp-json\/wp\/v2\/pages\/71","targetHints":{"allow":["GET"]}}],"collection":[{"href":"https:\/\/blog.telecom.pucp.edu.pe\/index.php\/wp-json\/wp\/v2\/pages"}],"about":[{"href":"https:\/\/blog.telecom.pucp.edu.pe\/index.php\/wp-json\/wp\/v2\/types\/page"}],"author":[{"embeddable":true,"href":"https:\/\/blog.telecom.pucp.edu.pe\/index.php\/wp-json\/wp\/v2\/users\/49"}],"replies":[{"embeddable":true,"href":"https:\/\/blog.telecom.pucp.edu.pe\/index.php\/wp-json\/wp\/v2\/comments?post=71"}],"version-history":[{"count":38,"href":"https:\/\/blog.telecom.pucp.edu.pe\/index.php\/wp-json\/wp\/v2\/pages\/71\/revisions"}],"predecessor-version":[{"id":959,"href":"https:\/\/blog.telecom.pucp.edu.pe\/index.php\/wp-json\/wp\/v2\/pages\/71\/revisions\/959"}],"wp:attachment":[{"href":"https:\/\/blog.telecom.pucp.edu.pe\/index.php\/wp-json\/wp\/v2\/media?parent=71"}],"curies":[{"name":"wp","href":"https:\/\/api.w.org\/{rel}","templated":true}]}}