{"id":76,"date":"2015-09-24T15:20:09","date_gmt":"2015-09-24T20:20:09","guid":{"rendered":"http:\/\/aitel.telecom.pucp.edu.pe\/?page_id=76"},"modified":"2017-06-21T21:22:20","modified_gmt":"2017-06-22T02:22:20","slug":"contacto","status":"publish","type":"page","link":"https:\/\/blog.telecom.pucp.edu.pe\/index.php\/contacto\/","title":{"rendered":"Contacto"},"content":{"rendered":"<p><strong>Direcci\u00f3n:<\/strong> Av. Universitaria 1801, San Miguel \u2013 Pabell\u00f3n V (3er piso)<br \/>\n<strong>Tel\u00e9fono:<\/strong> 626-2000<br \/>\n<strong>Anexo:<\/strong> 5030<br \/>\n<strong>Correo:<\/strong> informes.telecom@pucp.pe<\/p>\n<p><strong>Horario de atenci\u00f3n:<\/strong><br \/>\nLunes a viernes de 9:00 a 06:00pm<\/p>\n<p>[codepeople-post-map]<\/p>\n<p>[contact-form-7 id=&#8221;843&#8243; title=&#8221;Contact form 1&#8243;]<\/p>\n","protected":false},"excerpt":{"rendered":"<p>Direcci\u00f3n: Av. Universitaria 1801, San Miguel \u2013 Pabell\u00f3n V (3er piso) Tel\u00e9fono: 626-2000 Anexo: 5030 Correo: informes.telecom@pucp.pe Horario de atenci\u00f3n: Lunes a viernes de 9:00 a 06:00pm [codepeople-post-map] [contact-form-7 id=&#8221;843&#8243; title=&#8221;Contact form 1&#8243;]<\/p>\n","protected":false},"author":49,"featured_media":0,"parent":0,"menu_order":0,"comment_status":"closed","ping_status":"closed","template":"","meta":{"footnotes":""},"class_list":["post-76","page","type-page","status-publish","hentry"],"aioseo_notices":[],"_links":{"self":[{"href":"https:\/\/blog.telecom.pucp.edu.pe\/index.php\/wp-json\/wp\/v2\/pages\/76","targetHints":{"allow":["GET"]}}],"collection":[{"href":"https:\/\/blog.telecom.pucp.edu.pe\/index.php\/wp-json\/wp\/v2\/pages"}],"about":[{"href":"https:\/\/blog.telecom.pucp.edu.pe\/index.php\/wp-json\/wp\/v2\/types\/page"}],"author":[{"embeddable":true,"href":"https:\/\/blog.telecom.pucp.edu.pe\/index.php\/wp-json\/wp\/v2\/users\/49"}],"replies":[{"embeddable":true,"href":"https:\/\/blog.telecom.pucp.edu.pe\/index.php\/wp-json\/wp\/v2\/comments?post=76"}],"version-history":[{"count":20,"href":"https:\/\/blog.telecom.pucp.edu.pe\/index.php\/wp-json\/wp\/v2\/pages\/76\/revisions"}],"predecessor-version":[{"id":844,"href":"https:\/\/blog.telecom.pucp.edu.pe\/index.php\/wp-json\/wp\/v2\/pages\/76\/revisions\/844"}],"wp:attachment":[{"href":"https:\/\/blog.telecom.pucp.edu.pe\/index.php\/wp-json\/wp\/v2\/media?parent=76"}],"curies":[{"name":"wp","href":"https:\/\/api.w.org\/{rel}","templated":true}]}}